{"id":2504,"date":"2024-08-14T22:18:02","date_gmt":"2024-08-14T20:18:02","guid":{"rendered":"https:\/\/ziem-properties.com\/?page_id=2504"},"modified":"2024-08-14T22:20:42","modified_gmt":"2024-08-14T20:20:42","slug":"blog","status":"publish","type":"page","link":"https:\/\/ziem-properties.com\/de\/blog\/","title":{"rendered":"Blog"},"content":{"rendered":"<div data-elementor-type=\"wp-page\" data-elementor-id=\"2504\" class=\"elementor elementor-2504\">\n\t\t\t\t<div class=\"elementor-element elementor-element-cacd7fd e-flex e-con-boxed e-con e-parent\" data-id=\"cacd7fd\" data-element_type=\"container\" data-e-type=\"container\">\n\t\t\t\t\t<div class=\"e-con-inner\">\n\t\t\t\t<div class=\"elementor-element elementor-element-512b81f elementor-widget elementor-widget-postina_posts\" data-id=\"512b81f\" data-element_type=\"widget\" data-e-type=\"widget\" data-widget_type=\"postina_posts.default\">\n\t\t\t\t<div class=\"elementor-widget-container\">\n\t\t\t\t\t\t\t\t<div class=\"postina-blogposts postina-posts-512b81f\"\r\n\t\t\tdata-uid=\"512b81f\"\r\n\t\t\tdata-offset=\"10\"\r\n\t\t\tdata-posts-data='{\"posts_num\":10,\"offset\":10,\"total_posts\":21,\"layout\":\"list\",\"columns\":\"1\",\"layout_type\":\"default\",\"custom_columns\":null,\"custom_items\":null,\"categories\":\"\",\"tags\":\"\",\"order_by\":\"date\",\"sort\":\"ASC\",\"content_length\":25,\"posts_text\":\"yes\",\"posts_excerpt\":\"yes\",\"posts_meta\":\"\",\"meta_position\":null,\"thumb_right\":\"\",\"is_thumb\":null,\"read_more_effect\":\"\",\"read_more_text\":\"\",\"read_more_icon\":\"\",\"read_more_icon_align\":null,\"effects\":\"\",\"grid_cats_position\":null,\"posts_avatar\":null,\"grid_avatar_size\":null,\"read_btn_bg_layer_effects\":null,\"bg_layer_effects\":\"\"}'>\r\n\t\t\t\t<div class=\"postina-posts-grid\">\r\n\t\t\t\t\t<div class=\"postina-posts-grid-sizer\"><\/div>\r\n\t\t\t\t\t\t<div class=\"postina-posts-col postina-posts-list postina-posts-item-1\">\r\n\t\t<div class=\"postina-posts clearfix\">\r\n\t<div class=\"postina-bg-thumb postina-bg-cover\"\r\n\t\t\t\t\tstyle=\"background-image: url(https:\/\/ziem-properties.com\/wp-content\/uploads\/2024\/08\/Manila.jpg);\"\r\n\t\t>\r\n\t\t<div class=\"postina-overlay\">\r\n\t\t\t<a href=\"https:\/\/ziem-properties.com\/de\/2024\/08\/14\/invest-in-philippine-real-estate\/\"><\/a>\r\n\t\t<\/div>\r\n\t<\/div>\r\n\t<div class=\"postina-posts-content\">\r\n\t\t<div class=\"postina-posts-inner-content\">\r\n\t\t\t\t\t\t<h2 class=\"postina-posts-title\">\r\n\t\t\t\t<a href=\"https:\/\/ziem-properties.com\/de\/2024\/08\/14\/invest-in-philippine-real-estate\/\">Warum Jetzt der Beste Zeitpunkt ist, in Philippinische Immobilien zu Investieren<\/a>\r\n\t\t\t<\/h2>\r\n\t\t\t\r\n\t\t\t\t\t\t\t<div class=\"postina-posts-text\">\r\n\t\t\t\t\tDer philippinische Immobilienmarkt boomt im Jahr 2024 aufgrund von Wirtschaftswachstum, Infrastrukturausbau und hohen Mietrenditen.\t\t\t\t<\/div>\r\n\t\t\t\r\n\t\t\t\t\t<\/div>\r\n\t\t\t<\/div>\r\n<\/div>\t<\/div>\r\n\t<div class=\"postina-posts-col postina-posts-list postina-posts-item-1\">\r\n\t\t<div class=\"postina-posts clearfix\">\r\n\t<div class=\"postina-bg-thumb postina-bg-cover\"\r\n\t\t\t\t\tstyle=\"background-image: url(https:\/\/ziem-properties.com\/wp-content\/uploads\/2024\/08\/Manila-1.jpg);\"\r\n\t\t>\r\n\t\t<div class=\"postina-overlay\">\r\n\t\t\t<a href=\"https:\/\/ziem-properties.com\/de\/2024\/08\/14\/top-10-affordable-neighborhoods-in-the-philippines\/\"><\/a>\r\n\t\t<\/div>\r\n\t<\/div>\r\n\t<div class=\"postina-posts-content\">\r\n\t\t<div class=\"postina-posts-inner-content\">\r\n\t\t\t\t\t\t<h2 class=\"postina-posts-title\">\r\n\t\t\t\t<a href=\"https:\/\/ziem-properties.com\/de\/2024\/08\/14\/top-10-affordable-neighborhoods-in-the-philippines\/\">Top 10 Erschwingliche Wohngegenden auf den Philippinen<\/a>\r\n\t\t\t<\/h2>\r\n\t\t\t\r\n\t\t\t\t\t\t\t<div class=\"postina-posts-text\">\r\n\t\t\t\t\tDie 10 besten erschwinglichen Stadtviertel auf den Philippinen, die budgetfreundliches Wohnen bieten, ohne auf Qualit\u00e4t und Annehmlichkeiten zu verzichten.\t\t\t\t<\/div>\r\n\t\t\t\r\n\t\t\t\t\t<\/div>\r\n\t\t\t<\/div>\r\n<\/div>\t<\/div>\r\n\t<div class=\"postina-posts-col postina-posts-list postina-posts-item-1\">\r\n\t\t<div class=\"postina-posts clearfix\">\r\n\t<div class=\"postina-bg-thumb postina-bg-cover\"\r\n\t\t\t\t\tstyle=\"background-image: url(https:\/\/ziem-properties.com\/wp-content\/uploads\/2024\/08\/Villa.jpg);\"\r\n\t\t>\r\n\t\t<div class=\"postina-overlay\">\r\n\t\t\t<a href=\"https:\/\/ziem-properties.com\/de\/2024\/08\/14\/a-comprehensive-guide-to-buying-luxury-real-estate-in-the-philippines-what-first-time-buyers-need-to-know\/\"><\/a>\r\n\t\t<\/div>\r\n\t<\/div>\r\n\t<div class=\"postina-posts-content\">\r\n\t\t<div class=\"postina-posts-inner-content\">\r\n\t\t\t\t\t\t<h2 class=\"postina-posts-title\">\r\n\t\t\t\t<a href=\"https:\/\/ziem-properties.com\/de\/2024\/08\/14\/a-comprehensive-guide-to-buying-luxury-real-estate-in-the-philippines-what-first-time-buyers-need-to-know\/\">Ein umfassender Leitfaden zum Kauf von Luxusimmobilien auf den Philippinen: Was Erstk\u00e4ufer wissen m\u00fcssen<\/a>\r\n\t\t\t<\/h2>\r\n\t\t\t\r\n\t\t\t\t\t\t\t<div class=\"postina-posts-text\">\r\n\t\t\t\t\tInvestieren Sie in Luxusimmobilien auf den Philippinen: atemberaubende Lagen, wachsender Markt und exklusive Lifestyle-M\u00f6glichkeiten.\t\t\t\t<\/div>\r\n\t\t\t\r\n\t\t\t\t\t<\/div>\r\n\t\t\t<\/div>\r\n<\/div>\t<\/div>\r\n\t<div class=\"postina-posts-col postina-posts-list postina-posts-item-1\">\r\n\t\t<div class=\"postina-posts clearfix\">\r\n\t<div class=\"postina-bg-thumb postina-bg-cover\"\r\n\t\t\t\t\tstyle=\"background-image: url(https:\/\/ziem-properties.com\/wp-content\/uploads\/2024\/08\/img_3262-1.jpg);\"\r\n\t\t>\r\n\t\t<div class=\"postina-overlay\">\r\n\t\t\t<a href=\"https:\/\/ziem-properties.com\/de\/2024\/08\/14\/the-ultimate-guide-best-places-to-invest-in-vacation-properties-in-the-philippines\/\"><\/a>\r\n\t\t<\/div>\r\n\t<\/div>\r\n\t<div class=\"postina-posts-content\">\r\n\t\t<div class=\"postina-posts-inner-content\">\r\n\t\t\t\t\t\t<h2 class=\"postina-posts-title\">\r\n\t\t\t\t<a href=\"https:\/\/ziem-properties.com\/de\/2024\/08\/14\/the-ultimate-guide-best-places-to-invest-in-vacation-properties-in-the-philippines\/\">Der ultimative Leitfaden: Die besten Orte f\u00fcr Investitionen in Ferienimmobilien auf den Philippinen<\/a>\r\n\t\t\t<\/h2>\r\n\t\t\t\r\n\t\t\t\t\t\t\t<div class=\"postina-posts-text\">\r\n\t\t\t\t\tFerienimmobilien auf den Philippinen: Maximierung der Rendite im Paradies.\t\t\t\t<\/div>\r\n\t\t\t\r\n\t\t\t\t\t<\/div>\r\n\t\t\t<\/div>\r\n<\/div>\t<\/div>\r\n\t<div class=\"postina-posts-col postina-posts-list postina-posts-item-1\">\r\n\t\t<div class=\"postina-posts clearfix\">\r\n\t<div class=\"postina-bg-thumb postina-bg-cover\"\r\n\t\t\t\t\tstyle=\"background-image: url(https:\/\/ziem-properties.com\/wp-content\/uploads\/2024\/08\/Manila-2.jpg);\"\r\n\t\t>\r\n\t\t<div class=\"postina-overlay\">\r\n\t\t\t<a href=\"https:\/\/ziem-properties.com\/de\/2024\/08\/14\/condo-vs-house-what-fits-better-with-your-lifestyle\/\"><\/a>\r\n\t\t<\/div>\r\n\t<\/div>\r\n\t<div class=\"postina-posts-content\">\r\n\t\t<div class=\"postina-posts-inner-content\">\r\n\t\t\t\t\t\t<h2 class=\"postina-posts-title\">\r\n\t\t\t\t<a href=\"https:\/\/ziem-properties.com\/de\/2024\/08\/14\/condo-vs-house-what-fits-better-with-your-lifestyle\/\">Wohnung oder Haus: Was passt besser zu Ihrem Lebensstil?<\/a>\r\n\t\t\t<\/h2>\r\n\t\t\t\r\n\t\t\t\t\t\t\t<div class=\"postina-posts-text\">\r\n\t\t\t\t\tErkunden Sie die Vor- und Nachteile der Wahl einer Eigentumswohnung im Vergleich zu einem Haus, um Ihren Lebensstil und Ihre Ziele in Einklang zu bringen.\t\t\t\t<\/div>\r\n\t\t\t\r\n\t\t\t\t\t<\/div>\r\n\t\t\t<\/div>\r\n<\/div>\t<\/div>\r\n\t<div class=\"postina-posts-col postina-posts-list postina-posts-item-1\">\r\n\t\t<div class=\"postina-posts clearfix\">\r\n\t<div class=\"postina-bg-thumb postina-bg-cover\"\r\n\t\t\t\t\tstyle=\"background-image: url(https:\/\/ziem-properties.com\/wp-content\/uploads\/2024\/08\/CEBU.jpg);\"\r\n\t\t>\r\n\t\t<div class=\"postina-overlay\">\r\n\t\t\t<a href=\"https:\/\/ziem-properties.com\/de\/2024\/08\/14\/how-to-make-a-secure-investment-in-philippine-real-estate\/\"><\/a>\r\n\t\t<\/div>\r\n\t<\/div>\r\n\t<div class=\"postina-posts-content\">\r\n\t\t<div class=\"postina-posts-inner-content\">\r\n\t\t\t\t\t\t<h2 class=\"postina-posts-title\">\r\n\t\t\t\t<a href=\"https:\/\/ziem-properties.com\/de\/2024\/08\/14\/how-to-make-a-secure-investment-in-philippine-real-estate\/\">Wie man eine sichere Investition in philippinische Immobilien t\u00e4tigt<\/a>\r\n\t\t\t<\/h2>\r\n\t\t\t\r\n\t\t\t\t\t\t\t<div class=\"postina-posts-text\">\r\n\t\t\t\t\tSichern Sie Ihre Investition in philippinische Immobilien mit Experten-Tipps zu Markttrends, rechtlichen Aspekten und Finanzierung.\t\t\t\t<\/div>\r\n\t\t\t\r\n\t\t\t\t\t<\/div>\r\n\t\t\t<\/div>\r\n<\/div>\t<\/div>\r\n\t<div class=\"postina-posts-col postina-posts-list postina-posts-item-1\">\r\n\t\t<div class=\"postina-posts clearfix\">\r\n\t<div class=\"postina-bg-thumb postina-bg-cover\"\r\n\t\t\t\t\tstyle=\"background-image: url(https:\/\/ziem-properties.com\/wp-content\/uploads\/2024\/08\/img_3261-1.jpg);\"\r\n\t\t>\r\n\t\t<div class=\"postina-overlay\">\r\n\t\t\t<a href=\"https:\/\/ziem-properties.com\/de\/2024\/08\/14\/sustainable-living-eco-friendly-real-estate-options-in-the-philippines\/\"><\/a>\r\n\t\t<\/div>\r\n\t<\/div>\r\n\t<div class=\"postina-posts-content\">\r\n\t\t<div class=\"postina-posts-inner-content\">\r\n\t\t\t\t\t\t<h2 class=\"postina-posts-title\">\r\n\t\t\t\t<a href=\"https:\/\/ziem-properties.com\/de\/2024\/08\/14\/sustainable-living-eco-friendly-real-estate-options-in-the-philippines\/\">Nachhaltiges Wohnen: Umweltfreundliche Immobilienoptionen auf den Philippinen<\/a>\r\n\t\t\t<\/h2>\r\n\t\t\t\r\n\t\t\t\t\t\t\t<div class=\"postina-posts-text\">\r\n\t\t\t\t\tEntdecken Sie nachhaltige Immobilien auf den Philippinen mit umweltfreundlichen H\u00e4usern, die Ihren \u00f6kologischen Fu\u00dfabdruck reduzieren.\t\t\t\t<\/div>\r\n\t\t\t\r\n\t\t\t\t\t<\/div>\r\n\t\t\t<\/div>\r\n<\/div>\t<\/div>\r\n\t<div class=\"postina-posts-col postina-posts-list postina-posts-item-1\">\r\n\t\t<div class=\"postina-posts clearfix\">\r\n\t<div class=\"postina-bg-thumb postina-bg-cover\"\r\n\t\t\t\t\tstyle=\"background-image: url(https:\/\/ziem-properties.com\/wp-content\/uploads\/2024\/08\/img_3272-1.jpg);\"\r\n\t\t>\r\n\t\t<div class=\"postina-overlay\">\r\n\t\t\t<a href=\"https:\/\/ziem-properties.com\/de\/2024\/08\/14\/real-estate-market-trends-2024-what-buyers-need-to-know\/\"><\/a>\r\n\t\t<\/div>\r\n\t<\/div>\r\n\t<div class=\"postina-posts-content\">\r\n\t\t<div class=\"postina-posts-inner-content\">\r\n\t\t\t\t\t\t<h2 class=\"postina-posts-title\">\r\n\t\t\t\t<a href=\"https:\/\/ziem-properties.com\/de\/2024\/08\/14\/real-estate-market-trends-2024-what-buyers-need-to-know\/\">Immobilienmarkttrends 2024: Was K\u00e4ufer in den Philippinen wissen m\u00fcssen<\/a>\r\n\t\t\t<\/h2>\r\n\t\t\t\r\n\t\t\t\t\t\t\t<div class=\"postina-posts-text\">\r\n\t\t\t\t\tEntdecken Sie die wichtigsten Immobilientrends f\u00fcr 2024 und erhalten Sie Experten-Tipps, um fundierte Entscheidungen beim Hauskauf zu treffen.\t\t\t\t<\/div>\r\n\t\t\t\r\n\t\t\t\t\t<\/div>\r\n\t\t\t<\/div>\r\n<\/div>\t<\/div>\r\n\t<div class=\"postina-posts-col postina-posts-list postina-posts-item-1\">\r\n\t\t<div class=\"postina-posts clearfix\">\r\n\t<div class=\"postina-bg-thumb postina-bg-cover\"\r\n\t\t\t\t\tstyle=\"background-image: url(https:\/\/ziem-properties.com\/wp-content\/uploads\/2024\/08\/img_3276-1.jpg);\"\r\n\t\t>\r\n\t\t<div class=\"postina-overlay\">\r\n\t\t\t<a href=\"https:\/\/ziem-properties.com\/de\/2024\/08\/14\/from-renting-to-owning-a-comprehensive-guide-to-buying-property-in-the-philippines\/\"><\/a>\r\n\t\t<\/div>\r\n\t<\/div>\r\n\t<div class=\"postina-posts-content\">\r\n\t\t<div class=\"postina-posts-inner-content\">\r\n\t\t\t\t\t\t<h2 class=\"postina-posts-title\">\r\n\t\t\t\t<a href=\"https:\/\/ziem-properties.com\/de\/2024\/08\/14\/from-renting-to-owning-a-comprehensive-guide-to-buying-property-in-the-philippines\/\">Von der Miete zum Eigentum: Ein umfassender Leitfaden f\u00fcr den Immobilienkauf in den Philippinen<\/a>\r\n\t\t\t<\/h2>\r\n\t\t\t\r\n\t\t\t\t\t\t\t<div class=\"postina-posts-text\">\r\n\t\t\t\t\tLeitfaden zum Immobilienkauf auf den Philippinen: Vom Mieten zum Eigentum, Schritte, Tipps und Markteinblicke.\t\t\t\t<\/div>\r\n\t\t\t\r\n\t\t\t\t\t<\/div>\r\n\t\t\t<\/div>\r\n<\/div>\t<\/div>\r\n\t<div class=\"postina-posts-col postina-posts-list postina-posts-item-1\">\r\n\t\t<div class=\"postina-posts clearfix\">\r\n\t<div class=\"postina-bg-thumb postina-bg-cover\"\r\n\t\t\t\t\tstyle=\"background-image: url(https:\/\/ziem-properties.com\/wp-content\/uploads\/2024\/08\/img_3275-1.jpg);\"\r\n\t\t>\r\n\t\t<div class=\"postina-overlay\">\r\n\t\t\t<a href=\"https:\/\/ziem-properties.com\/de\/2024\/08\/14\/how-to-find-your-dream-home-in-the-philippines-a-comprehensive-guide\/\"><\/a>\r\n\t\t<\/div>\r\n\t<\/div>\r\n\t<div class=\"postina-posts-content\">\r\n\t\t<div class=\"postina-posts-inner-content\">\r\n\t\t\t\t\t\t<h2 class=\"postina-posts-title\">\r\n\t\t\t\t<a href=\"https:\/\/ziem-properties.com\/de\/2024\/08\/14\/how-to-find-your-dream-home-in-the-philippines-a-comprehensive-guide\/\">Wie Sie Ihr Traumhaus auf den Philippinen finden: Ein umfassender Leitfaden<\/a>\r\n\t\t\t<\/h2>\r\n\t\t\t\r\n\t\t\t\t\t\t\t<div class=\"postina-posts-text\">\r\n\t\t\t\t\tFinden Sie Ihr Traumhaus auf den Philippinen mit diesem umfassenden Leitfaden zu Immobilien- und Lebensstiloptionen.\t\t\t\t<\/div>\r\n\t\t\t\r\n\t\t\t\t\t<\/div>\r\n\t\t\t<\/div>\r\n<\/div>\t<\/div>\r\n\t\t\t\t\t\t\t\t\t<\/div>\r\n\r\n\t\t\t\t\r\n\t\t\t\t\t\t\t\t\t<div class=\"postina-posts-pagination\">\r\n\t\t\t\t\t\t<a aria-current=\"page\" class=\"page-numbers current\">1<\/a>\n<a class=\"page-numbers\" href=\"https:\/\/ziem-properties.com\/de\/wp-json\/wp\/v2\/pages\/2504\/page\/2\/\">2<\/a>\n<a class=\"page-numbers\" href=\"https:\/\/ziem-properties.com\/de\/wp-json\/wp\/v2\/pages\/2504\/page\/3\/\">3<\/a>\t\t\t\t\t<\/div>\r\n\t\t\t\t\r\n\t\t\t\t<input type=\"hidden\" id=\"postina_load_more_posts512b81f\" name=\"postina_load_more_posts512b81f\" value=\"8c0a3c7fca\" \/><input type=\"hidden\" name=\"_wp_http_referer\" value=\"\/de\/wp-json\/wp\/v2\/pages\/2504\" \/>\t\t\t<\/div><!-- .postina-blogposts -->\r\n\t\t\t\t\t\t\t<\/div>\n\t\t\t\t<\/div>\n\t\t\t\t\t<\/div>\n\t\t\t\t<\/div>\n\t\t\t\t<\/div>","protected":false},"excerpt":{"rendered":"<p>Why Now is the Best Time to Invest in Philippine Real Estate Philippine real estate is booming in 2024 due to economic growth, infrastructure development, and high rental yields. Top 10 erschwingliche Wohngegenden auf den Philippinen Luxusimmobilien auf den Philippinen: Ein Leitfaden f\u00fcr Erstk\u00e4ufer Die besten Orte zum Investieren in Ferienimmobilien auf den Philippinen Condo [&hellip;]<\/p>\n","protected":false},"author":1,"featured_media":0,"parent":0,"menu_order":0,"comment_status":"closed","ping_status":"closed","template":"","meta":{"footnotes":""},"wf_page_folders":[],"class_list":["post-2504","page","type-page","status-publish","hentry"],"yoast_head":"<!-- This site is optimized with the Yoast SEO plugin v27.5 - https:\/\/yoast.com\/product\/yoast-seo-wordpress\/ -->\n<title>Blog - Ziem Properties<\/title>\n<meta name=\"robots\" content=\"index, follow, max-snippet:-1, max-image-preview:large, max-video-preview:-1\" \/>\n<link rel=\"canonical\" href=\"https:\/\/ziem-properties.com\/de\/blog\/\" \/>\n<meta property=\"og:locale\" content=\"de_DE\" \/>\n<meta property=\"og:type\" content=\"article\" \/>\n<meta property=\"og:title\" content=\"Blog - Ziem Properties\" \/>\n<meta property=\"og:description\" content=\"Why Now is the Best Time to Invest in Philippine Real Estate Philippine real estate is booming in 2024 due to economic growth, infrastructure development, and high rental yields. Top 10 erschwingliche Wohngegenden auf den Philippinen Luxusimmobilien auf den Philippinen: Ein Leitfaden f\u00fcr Erstk\u00e4ufer Die besten Orte zum Investieren in Ferienimmobilien auf den Philippinen Condo [&hellip;]\" \/>\n<meta property=\"og:url\" content=\"https:\/\/ziem-properties.com\/de\/blog\/\" \/>\n<meta property=\"og:site_name\" content=\"Ziem Properties\" \/>\n<meta property=\"article:modified_time\" content=\"2024-08-14T20:20:42+00:00\" \/>\n<meta name=\"twitter:card\" content=\"summary_large_image\" \/>\n<script type=\"application\/ld+json\" class=\"yoast-schema-graph\">{\"@context\":\"https:\\\/\\\/schema.org\",\"@graph\":[{\"@type\":\"WebPage\",\"@id\":\"https:\\\/\\\/ziem-properties.com\\\/blog\\\/\",\"url\":\"https:\\\/\\\/ziem-properties.com\\\/blog\\\/\",\"name\":\"Blog - Ziem Properties\",\"isPartOf\":{\"@id\":\"https:\\\/\\\/ziem-properties.com\\\/#website\"},\"datePublished\":\"2024-08-14T20:18:02+00:00\",\"dateModified\":\"2024-08-14T20:20:42+00:00\",\"breadcrumb\":{\"@id\":\"https:\\\/\\\/ziem-properties.com\\\/blog\\\/#breadcrumb\"},\"inLanguage\":\"de\",\"potentialAction\":[{\"@type\":\"ReadAction\",\"target\":[\"https:\\\/\\\/ziem-properties.com\\\/blog\\\/\"]}]},{\"@type\":\"BreadcrumbList\",\"@id\":\"https:\\\/\\\/ziem-properties.com\\\/blog\\\/#breadcrumb\",\"itemListElement\":[{\"@type\":\"ListItem\",\"position\":1,\"name\":\"Startseite\",\"item\":\"https:\\\/\\\/ziem-properties.com\\\/\"},{\"@type\":\"ListItem\",\"position\":2,\"name\":\"Blog\"}]},{\"@type\":\"WebSite\",\"@id\":\"https:\\\/\\\/ziem-properties.com\\\/#website\",\"url\":\"https:\\\/\\\/ziem-properties.com\\\/\",\"name\":\"Ziem Properties\",\"description\":\"\",\"publisher\":{\"@id\":\"https:\\\/\\\/ziem-properties.com\\\/#organization\"},\"potentialAction\":[{\"@type\":\"SearchAction\",\"target\":{\"@type\":\"EntryPoint\",\"urlTemplate\":\"https:\\\/\\\/ziem-properties.com\\\/?s={search_term_string}\"},\"query-input\":{\"@type\":\"PropertyValueSpecification\",\"valueRequired\":true,\"valueName\":\"search_term_string\"}}],\"inLanguage\":\"de\"},{\"@type\":\"Organization\",\"@id\":\"https:\\\/\\\/ziem-properties.com\\\/#organization\",\"name\":\"Ziem Properties\",\"url\":\"https:\\\/\\\/ziem-properties.com\\\/\",\"logo\":{\"@type\":\"ImageObject\",\"inLanguage\":\"de\",\"@id\":\"https:\\\/\\\/ziem-properties.com\\\/#\\\/schema\\\/logo\\\/image\\\/\",\"url\":\"https:\\\/\\\/ziem-properties.com\\\/wp-content\\\/uploads\\\/2024\\\/08\\\/Logo_Ziem_Properties.png\",\"contentUrl\":\"https:\\\/\\\/ziem-properties.com\\\/wp-content\\\/uploads\\\/2024\\\/08\\\/Logo_Ziem_Properties.png\",\"width\":1024,\"height\":1024,\"caption\":\"Ziem Properties\"},\"image\":{\"@id\":\"https:\\\/\\\/ziem-properties.com\\\/#\\\/schema\\\/logo\\\/image\\\/\"}}]}<\/script>\n<!-- \/ Yoast SEO plugin. -->","yoast_head_json":{"title":"Blog - Ziem Properties","robots":{"index":"index","follow":"follow","max-snippet":"max-snippet:-1","max-image-preview":"max-image-preview:large","max-video-preview":"max-video-preview:-1"},"canonical":"https:\/\/ziem-properties.com\/de\/blog\/","og_locale":"de_DE","og_type":"article","og_title":"Blog - Ziem Properties","og_description":"Why Now is the Best Time to Invest in Philippine Real Estate Philippine real estate is booming in 2024 due to economic growth, infrastructure development, and high rental yields. Top 10 erschwingliche Wohngegenden auf den Philippinen Luxusimmobilien auf den Philippinen: Ein Leitfaden f\u00fcr Erstk\u00e4ufer Die besten Orte zum Investieren in Ferienimmobilien auf den Philippinen Condo [&hellip;]","og_url":"https:\/\/ziem-properties.com\/de\/blog\/","og_site_name":"Ziem Properties","article_modified_time":"2024-08-14T20:20:42+00:00","twitter_card":"summary_large_image","schema":{"@context":"https:\/\/schema.org","@graph":[{"@type":"WebPage","@id":"https:\/\/ziem-properties.com\/blog\/","url":"https:\/\/ziem-properties.com\/blog\/","name":"Blog - Ziem Properties","isPartOf":{"@id":"https:\/\/ziem-properties.com\/#website"},"datePublished":"2024-08-14T20:18:02+00:00","dateModified":"2024-08-14T20:20:42+00:00","breadcrumb":{"@id":"https:\/\/ziem-properties.com\/blog\/#breadcrumb"},"inLanguage":"de","potentialAction":[{"@type":"ReadAction","target":["https:\/\/ziem-properties.com\/blog\/"]}]},{"@type":"BreadcrumbList","@id":"https:\/\/ziem-properties.com\/blog\/#breadcrumb","itemListElement":[{"@type":"ListItem","position":1,"name":"Startseite","item":"https:\/\/ziem-properties.com\/"},{"@type":"ListItem","position":2,"name":"Blog"}]},{"@type":"WebSite","@id":"https:\/\/ziem-properties.com\/#website","url":"https:\/\/ziem-properties.com\/","name":"Ziem Properties","description":"","publisher":{"@id":"https:\/\/ziem-properties.com\/#organization"},"potentialAction":[{"@type":"SearchAction","target":{"@type":"EntryPoint","urlTemplate":"https:\/\/ziem-properties.com\/?s={search_term_string}"},"query-input":{"@type":"PropertyValueSpecification","valueRequired":true,"valueName":"search_term_string"}}],"inLanguage":"de"},{"@type":"Organization","@id":"https:\/\/ziem-properties.com\/#organization","name":"Ziem Properties","url":"https:\/\/ziem-properties.com\/","logo":{"@type":"ImageObject","inLanguage":"de","@id":"https:\/\/ziem-properties.com\/#\/schema\/logo\/image\/","url":"https:\/\/ziem-properties.com\/wp-content\/uploads\/2024\/08\/Logo_Ziem_Properties.png","contentUrl":"https:\/\/ziem-properties.com\/wp-content\/uploads\/2024\/08\/Logo_Ziem_Properties.png","width":1024,"height":1024,"caption":"Ziem Properties"},"image":{"@id":"https:\/\/ziem-properties.com\/#\/schema\/logo\/image\/"}}]}},"_links":{"self":[{"href":"https:\/\/ziem-properties.com\/de\/wp-json\/wp\/v2\/pages\/2504","targetHints":{"allow":["GET"]}}],"collection":[{"href":"https:\/\/ziem-properties.com\/de\/wp-json\/wp\/v2\/pages"}],"about":[{"href":"https:\/\/ziem-properties.com\/de\/wp-json\/wp\/v2\/types\/page"}],"author":[{"embeddable":true,"href":"https:\/\/ziem-properties.com\/de\/wp-json\/wp\/v2\/users\/1"}],"replies":[{"embeddable":true,"href":"https:\/\/ziem-properties.com\/de\/wp-json\/wp\/v2\/comments?post=2504"}],"version-history":[{"count":4,"href":"https:\/\/ziem-properties.com\/de\/wp-json\/wp\/v2\/pages\/2504\/revisions"}],"predecessor-version":[{"id":2508,"href":"https:\/\/ziem-properties.com\/de\/wp-json\/wp\/v2\/pages\/2504\/revisions\/2508"}],"wp:attachment":[{"href":"https:\/\/ziem-properties.com\/de\/wp-json\/wp\/v2\/media?parent=2504"}],"wp:term":[{"taxonomy":"wf_page_folders","embeddable":true,"href":"https:\/\/ziem-properties.com\/de\/wp-json\/wp\/v2\/wf_page_folders?post=2504"}],"curies":[{"name":"wp","href":"https:\/\/api.w.org\/{rel}","templated":true}]}}