{"id":3445,"date":"2024-08-23T09:11:56","date_gmt":"2024-08-23T07:11:56","guid":{"rendered":"https:\/\/ziem-properties.com\/?page_id=3445"},"modified":"2024-08-23T09:20:38","modified_gmt":"2024-08-23T07:20:38","slug":"privacy-policy","status":"publish","type":"page","link":"https:\/\/ziem-properties.com\/de\/privacy-policy\/","title":{"rendered":"Privacy Policy"},"content":{"rendered":"<p><strong>Datenschutzerkl\u00e4rung<\/strong><\/p>\n<p>In dieser Datenschutzerkl\u00e4rung informieren wir Sie \u00fcber die Verarbeitung personenbezogener Daten bei der Nutzung dieser Website.<\/p>\n<p><strong>Verantwortlicher<\/strong><\/p>\n<p>Verantwortlich f\u00fcr die Datenverarbeitung ist:<br \/><em>Name, Adresse, Telefonnummer und E-Mail-Adresse des Websitebetreibers erg\u00e4nzen<\/em><\/p>\n<p><strong>Datenschutzbeauftragter<\/strong><\/p>\n<p><em>Die Angabe ist nur erforderlich, Pflicht zur Bestellung eines Datenschutzbeauftragten. Besteht keine Pflicht, kann dieser Abschnitt entfallen.<\/em><\/p>\n<p><em>Pflicht zu einem Datenschutzbeauftragten besteht in folgenden F\u00e4llen:<\/em><\/p>\n<ul>\n<li><em>Im Unternehmen verarbeiten mindestens 20 Mitarbeiter regelm\u00e4\u00dfig automatisiert Daten wie z. B. mit Computern.<\/em><\/li>\n<li><em>Im Unternehmen verarbeiten Sie unabh\u00e4ngig von der Mitarbeiterzahl mindestens eine Kategorie folgender personenbezogener Daten: ethnische Herkunft, Rasse, politische Meinung, religi\u00f6se \u00dcberzeugung, Gewerkschaftszugeh\u00f6rigkeit, Gesundheit oder Sexualleben.<\/em><\/li>\n<li><em>Mittelpunkt der Gesch\u00e4ftst\u00e4tigkeit ist die \u00dcbermittlung personenbezogener Daten wie sie z. B. eine Auskunftei, ein Adressverlag oder ein Markt- und Meinungsforschungsinstitut aus\u00fcbt.<\/em><\/li>\n<\/ul>\n<p><em>Im Falle eines externen Datenschutzbeauftragten<\/em><br \/>Der Datenschutzbeauftragte ist unter der folgenden Adresse zu erreichen:<\/p>\n<p><em>Name, Adresse, Telefonnummer und E-Mail-Adresse des externen Datenschutzbeauftragten erg\u00e4nzen<\/em><\/p>\n<p><em>Im Falle eines betrieblichen Datenschutzbeauftragten<\/em><br \/>Bitte erg\u00e4nzen Sie die Adresse bei der Kontaktaufnahme per Post mit dem Hinweis \u2013 Datenschutzbeauftragter \u2013. Per E-Mail erreichen Sie den Datenschutzbeauftragten \u00fcber die folgende E-Mail-Adresse: <em>E-Mail-Adresse des Datenschutzbeauftragten einf\u00fcgen<\/em><\/p>\n<p><strong>Personenbezogene Daten<\/strong><\/p>\n<p>Personenbezogene Daten sind alle Informationen, die sich auf eine identifizierte oder identifizierbare nat\u00fcrliche Person (betroffene Person) beziehen. Als identifizierbar wird eine nat\u00fcrliche Person angesehen, die direkt oder indirekt, insbesondere mittels Zuordnung zu einer Kennung wie einem Namen, zu einer Kennnummer, zu Standortdaten, zu einer Online-Kennung oder zu einem oder mehreren besonderen Merkmalen identifiziert werden kann, die Ausdruck der physischen, physiologischen, genetischen, psychischen, wirtschaftlichen, kulturellen oder sozialen Identit\u00e4t dieser nat\u00fcrlichen Person sind.<\/p>\n<p><strong>Daten beim Websiteaufruf<\/strong><\/p>\n<p>Wenn Sie diese Website nur nutzen, um sich zu informieren und keine Daten angeben, dann verarbeiten wir nur die Daten, die zur Anzeige der Website auf dem von Ihnen verwendeten internetf\u00e4higen Ger\u00e4t erforderlich sind. Das sind insbesondere:<\/p>\n<ul>\n<li>IP-Adresse<\/li>\n<li>Datum und Uhrzeit der Anfrage<\/li>\n<li>jeweils \u00fcbertragene Datenmenge<\/li>\n<li>die Website, von der die Anforderung kommt<\/li>\n<li>Browsertyp und Browserversion<\/li>\n<li>Betriebssystem<\/li>\n<\/ul>\n<p>Rechtsgrundlage f\u00fcr die Verarbeitung dieser Daten sind berechtigte Interessen gem\u00e4\u00df Art. 6 Abs. 1 lit. f) DSGVO, um die Darstellung der Website grunds\u00e4tzlich zu erm\u00f6glichen.<\/p>\n<p>Dar\u00fcber hinaus k\u00f6nnen Sie verschiedene Leistungen auf der Website nutzen, bei der weitere personenbezogene und nicht personenbezogene Daten verarbeitet werden.<\/p>\n<p><strong>Ihre Rechte<\/strong><\/p>\n<p>Als betroffene Person haben Sie folgende Rechte:<\/p>\n<ul>\n<li>Sie haben ein Auskunftsrecht bez\u00fcglich der Sie betreffenden personenbezogenen Daten, die der Verantwortliche verarbeitet (Art. 15 DSGVO),<\/li>\n<li>Sie haben das Recht auf Berichtigung der Sie betreffenden Daten, wenn diese unrichtig oder unvollst\u00e4ndig gespeichert werden (Art. 16 DSGVO),<\/li>\n<li>Sie haben das Recht auf L\u00f6schung (Art. 17 DSGVO),<\/li>\n<li>Sie haben das Recht, die Einschr\u00e4nkung der Verarbeitung Ihrer personenbezogenen Daten zu verlangen (Art. 18 DSGVO),<\/li>\n<li>Sie haben das Recht auf Daten\u00fcbertragbarkeit (Art. 20 DSGVO),<\/li>\n<li>Sie haben ein Widerspruchsrecht gegen die Verarbeitung der Sie betreffenden personenbezogenen Daten (Art. 21 DSGVO),<\/li>\n<li>Sie haben das Recht, nicht einer ausschlie\u00dflich auf einer automatisierten Verarbeitung \u2013 einschlie\u00dflich Profiling \u2013 beruhenden Entscheidung unterworfen zu werden, die Ihnen gegen\u00fcber rechtliche Wirkung entfaltet oder Sie in \u00e4hnlicher Weise erheblich beeintr\u00e4chtigt (Art. 22 DSGVO),<\/li>\n<li>Sie haben das Recht, sich bei einem vermuteten Versto\u00df gegen das Datenschutzrecht bei der zust\u00e4ndigen Aufsichtsbeh\u00f6rde zu beschweren (Art. 77 DSGVO). Zust\u00e4ndig ist die Aufsichtsbeh\u00f6rde an Ihrem \u00fcblichen Aufenthaltsort, Arbeitsplatz oder am Ort des vermuteten Versto\u00dfes.<\/li>\n<\/ul>\n<p><strong>Einsatz von Cookies&nbsp;<\/strong><\/p>\n<p>Beim Besuch der Website k\u00f6nnen Cookies auf Ihrem Ger\u00e4t gespeichert werden. Cookies sind kleine Textdateien, die von dem von Ihnen verwendeten Browser gespeichert werden. Cookies k\u00f6nnen keine Programme ausf\u00fchren und auch keine Viren auf Ihr Ger\u00e4t \u00fcbertragen. Die Stelle, die den Cookie setzt, kann dar\u00fcber jedoch bestimmte Informationen erhalten. So kann mithilfe von Cookies insbesondere das Ger\u00e4t, mit dem diese Website aufgerufen wurde, bei einem erneuten Aufruf erkannt werden.<\/p>\n<p>Durch die Browsereinstellungen l\u00e4sst sich das Setzen von Cookies einschr\u00e4nken oder verhindern. So kann z. B. nur die Annahme von Cookies, die von Drittanbietern stammen, blockiert werden oder aber auch die Annahme von allen Cookies. Durch das Blockieren sind jedoch m\u00f6glicherweise nicht mehr alle Funktionen dieser Website nutzbar. Im weiteren Text dieser Datenschutzerkl\u00e4rung informieren wir Sie konkret, an welchen Stellen und zu welchen Zwecken Cookies auf den Seiten zum Einsatz kommen.<\/p>\n<p><em>Vor dem Einsatz von Google Analytics m\u00fcssen Sie von jedem Nutzer eine Einwilligung mit einem DSGVO-konformen Cookie-Banner einholen. Nutzer m\u00fcssen ihre Einstellung zudem mittels leicht erreichbaren Link \u2013 z. B. im Website-Footer \u2013 jederzeit \u00e4ndern k\u00f6nnen. Mit Google ist zudem eine Auftragsverarbeitung abzuschlie\u00dfen.<\/em><\/p>\n<p><strong>Datenschutzerkl\u00e4rung f\u00fcr Google Analytics<\/strong><\/p>\n<p>Auf dieser Website wird Google Analytics eingesetzt, ein Webanalysedienst der Google LLC, 1600 Amphitheatre Parkway, Mountain View, CA 94043, USA (Google). Zu diesem Zweck werden von Google Cookies auf dem Ger\u00e4t gesetzt. Diese erm\u00f6glichen eine Analyse Ihrer Website-Nutzung. Die dabei erfassten Informationen werden in der Regel an Server von Google \u00fcbermittelt, die sich insbesondere in den USA befinden. Google Analytics speichert IP-Adressen nur anonymisiert. Google k\u00fcrzt vor der Speicherung die innerhalb von Mitgliedstaaten der Europ\u00e4ischen Union oder in anderen Vertragsstaaten des Abkommens \u00fcber den Europ\u00e4ischen Wirtschaftsraum erfassten IP-Adressen. Google nutzt die gesammelten Informationen, um die Nutzung der Webseiten auszuwerten und entsprechende Berichte zu erstellen. Google Analytics ist so eingestellt, dass die Daten innerhalb von <em>in Google Analytics eingestellte Dauer einf\u00fcgen<\/em> Monaten nach ihrem Entstehen gel\u00f6scht werden.<\/p>\n<p>Die Verarbeitung der Daten erfolgt auf Grundlage von Art. 6 Abs. 1 lit. a) DSGVO mit Einwilligung. Mit Google sind eine Auftragsverarbeitung und die Standardvertragsklauseln abgeschlossen. Google ist zudem zertifiziert gem\u00e4\u00df EU US Data Privacy Framework.<\/p>\n<p>Sie k\u00f6nnen Ihre Einwilligung \u00fcber das beim Seitenaufruf eingeblendete Cookie-Banner widerrufen. Alternativ k\u00f6nnen Sie die Cookies in Ihrem verwendeten Browser l\u00f6schen. Ein Opt-out ist zudem mit folgendem Browser-Add-on m\u00f6glich: <a href=\"https:\/\/tools.google.com\/dlpage\/gaoptout\/\">https:\/\/tools.google.com\/dlpage\/gaoptout\/<\/a><\/p>\n<p>Weitere Informationen zum Datenschutz von Google finden Sie unter: <a href=\"https:\/\/policies.google.com\/privacy?hl=de\">https:\/\/policies.google.com\/privacy?hl=de<\/a><\/p>\n<p><em>Vor dem Einsatz von Google AdSense m\u00fcssen Sie von jedem Nutzer eine Einwilligung mit einem DSGVO-konformen Cookie-Banner einholen. Nutzer m\u00fcssen ihre dar\u00fcber gew\u00e4hlte Einstellung zudem mittels eines leicht erreichbaren Links auf Ihrer Website \u00e4ndern k\u00f6nnen. Mit Google m\u00fcssen Sie eine Auftragsverarbeitung vereinbaren.<\/em><\/p>\n<p><strong>Datenschutzerkl\u00e4rung f\u00fcr Google AdSense<\/strong><\/p>\n<p>Diese Website verwendet Google AdSense, einen Dienst der Google LLC, 1600 Amphitheatre Parkway, Mountain View, CA 94043, USA (Google). Google AdSense erm\u00f6glicht die Einbindung von Werbung auf Webseiten. Zu diesem Zweck werden von Google Cookies (kleine Textdateien) auf dem Ger\u00e4t gesetzt bzw. Web-Beacons (unsichtbare Pixel) angezeigt. Diese erm\u00f6glichen eine Analyse der Websitebesuche. Dank der Cookies f\u00fcr Anzeigenvorgaben k\u00f6nnen Google und seine Partner Nutzern auf Basis der Aufrufe dieser Website oder anderer Websites interessenbezogene Werbeanzeigen bereitstellen. Die dabei erfassten Informationen werden unter anderem an Server von Google in den USA \u00fcbertragen und dort gespeichert.<\/p>\n<p>Die Verarbeitung der Daten erfolgt auf Grundlage einer Einwilligung nach Art. 6 Abs. 1 lit. a) DSGVO. Mit dem auf der Website vorhandenen Link zum Aufruf des Cookie-Banners k\u00f6nnen Sie diese widerrufen. Ebenso k\u00f6nnen Sie die Cookies in Ihrem Ger\u00e4t l\u00f6schen. Mit Google sind eine Auftragsverarbeitung und die Standardvertragsklauseln vereinbart. Google hat sich zudem gem\u00e4\u00df dem EU US Data Privacy Framework zertifiziert.<\/p>\n<p>Das Setzen des AdSense-Cookies l\u00e4sst sich durch Einstellung des Browsers verhindern, indem dieser alle Cookies ablehnt. M\u00f6glicherweise beeintr\u00e4chtigt das jedoch die Nutzungsm\u00f6glichkeiten dieser Website. Sie k\u00f6nnen personalisierte Werbung zudem auf folgender Seite deaktivieren: <a href=\"https:\/\/adssettings.google.com\/anonymous\">https:\/\/adssettings.google.com\/anonymous<\/a><\/p>\n<p>Weitere Informationen zum Datenschutz durch Google finden Sie unter: <a href=\"https:\/\/policies.google.com\/privacy?hl=de\">https:\/\/policies.google.com\/privacy?hl=de<\/a><\/p>\n<p><em>Bevor Sie Dienste von Facebook verwenden, m\u00fcssen Sie mit einem DSGVO-konformen Cookie-Banner eine Einwilligung von jedem Nutzer einholen. Nutzer m\u00fcssen ihre Einwilligung zudem genauso einfach widerrufen k\u00f6nnen. Dies erm\u00f6glicht ein leicht erreichbarer Website-Link zum erneuten Cookie-Banner-Aufruf. Mit Meta, dem Konzern, dem Facebook geh\u00f6rt, m\u00fcssen Sie eine gemeinsame Verantwortlichkeit vereinbaren.<\/em><\/p>\n<p><strong>Datenschutzerkl\u00e4rung f\u00fcr Facebook<\/strong><\/p>\n<p>Diese Website verwendet Social-Media-Integrationen von Meta Platforms, Inc., 1601 S. California Ave, Palo Alto, CA 94304, USA (Meta). Mittels der eingebundenen Facebook-Like-Schaltfl\u00e4chen \u2013 Facebook-Like-Button \u2013 k\u00f6nnen Sie Inhalte im sozialen Netzwerk von Facebook teilen. Bei Aufruf einer Seite mit integriertem Facebook-Like-Button wird grunds\u00e4tzlich eine Verbindung zwischen dem verwendeten Browser und den Servern von Facebook aufgebaut. Besitzen Sie einen Facebook-Account, k\u00f6nnen diese Daten zudem damit verkn\u00fcpft werden. Wenn Sie keine Zuordnung dieser Daten zu Ihrem Facebook-Account w\u00fcnschen, loggen Sie sich bitte vor dem Besuch unserer Seite bei Facebook aus und l\u00f6schen Sie die Cookies in Ihrem Browser. Meta hat sich dem Datenschutzabkommen EU US Data Privacy Framework unterworfen. Zudem ist eine gemeinsame Verantwortlichkeit mit Meta vereinbart.<\/p>\n<\/p>\n<p>Rechtsgrundlage f\u00fcr die Verarbeitung der Daten ist eine Einwilligung gem\u00e4\u00df Art. 6 Abs. 1 lit. a) DSGVO. Mit dem auf der Website vorhandenen Link zum Aufruf des Cookie-Banners k\u00f6nnen Sie die Einwilligung widerrufen. Zum Widerruf k\u00f6nnen Sie alternativ die Cookies in Ihrem Ger\u00e4t l\u00f6schen. Ein Opt-Out erm\u00f6glicht die European Interactive Digital Advertising Alliance unter: <a href=\"http:\/\/www.youronlinechoices.com\/de\/praferenzmanagement\">http:\/\/www.youronlinechoices.com\/de\/praferenzmanagement<\/a><\/p>\n<p>Mehr zum Datenschutz von Facebook erfahren Sie unter: <a href=\"https:\/\/www.facebook.com\/privacy\/center\/\">https:\/\/www.facebook.com\/privacy\/center\/<\/a><\/p>\n<p><em>Vor dem Einsatz von Diensten von Twitter (nun X Corp.) m\u00fcssen Sie von Nutzern mittels eines DSGVO-konformen Cookie-Banners eine Einwilligung erhalten. Diese m\u00fcssen sie jederzeit widerrufen k\u00f6nnen, z. B. durch einen leicht auffindbaren Link, der das Cookie-Banner anzeigt. Mit X Corp., ehemals Twitter Inc., m\u00fcssen Sie eine gemeinsame Verantwortlichkeit vereinbaren.<\/em><\/p>\n<p><strong>Datenschutzerkl\u00e4rung f\u00fcr X \/ Twitter<\/strong><\/p>\n<p>Diese Website verwendet Social-Media-Integrationen von X Corp., 1355 Market St, Suite 900, San Francisco, CA 94103, USA \u2013 ehemals Twitter. \u00dcber entsprechende Schaltfl\u00e4chen auf der Website k\u00f6nnen Sie Inhalte im sozialen Netzwerk von X. Corp. teilen. Bei Aufruf einer Seite mit integriertem Button von X Corp. wird grunds\u00e4tzlich eine Verbindung zwischen dem verwendeten Browser und den Servern von X Corp. aufgebaut und Cookies gesetzt, die das Nachvollziehen der Internetnutzung erm\u00f6glichen. Besitzen Sie einen Twitter-Account bei X Corp., kann das Unternehmen die Daten zudem mit diesem verkn\u00fcpfen. Wenn Sie keine Zuordnung dieser Daten zu Ihrem X Corp.-Account w\u00fcnschen, loggen Sie sich bitte vor dem Besuch der Seite bei diesem aus und l\u00f6schen Sie die Cookies in Ihrem Browser.<\/p>\n<p>Rechtsgrundlage f\u00fcr die Verarbeitung der Daten ist eine Einwilligung gem\u00e4\u00df Art. 6 Abs. 1 lit. a) DSGVO. Sie k\u00f6nnen diese \u00fcber den Website-Link zum erneuten Aufruf des Cookie-Banners widerrufen. Alternativ k\u00f6nnen Sie die Cookies in Ihrem verwendeten Browser l\u00f6schen. Ein Opt-out ist m\u00f6glich \u00fcber: <a href=\"https:\/\/optout.aboutads.info\/\">https:\/\/optout.aboutads.info\/<\/a><\/p>\n<p>Mehr zum Datenschutz von X Corp. erfahren Sie unter <a href=\"https:\/\/x.com\/privacy\">https:\/\/x.com\/privacy<\/a>.<\/p>\n<p>Quelle: <a href=\"https:\/\/www.anwalt.de\/vorlage\/muster-datenschutzerklaerung.php\" rel=\"nofollow\">Muster-Datenschutzerkl\u00e4rung von anwalt.de<\/a><\/p>","protected":false},"excerpt":{"rendered":"<p>Datenschutzerkl\u00e4rung In dieser Datenschutzerkl\u00e4rung informieren wir Sie \u00fcber die Verarbeitung personenbezogener Daten bei der Nutzung dieser Website. Verantwortlicher Verantwortlich f\u00fcr die Datenverarbeitung ist:Name, Adresse, Telefonnummer und E-Mail-Adresse des Websitebetreibers erg\u00e4nzen Datenschutzbeauftragter Die Angabe ist nur erforderlich, Pflicht zur Bestellung eines Datenschutzbeauftragten. Besteht keine Pflicht, kann dieser Abschnitt entfallen. Pflicht zu einem Datenschutzbeauftragten besteht in folgenden [&hellip;]<\/p>\n","protected":false},"author":1,"featured_media":0,"parent":0,"menu_order":0,"comment_status":"closed","ping_status":"closed","template":"","meta":{"footnotes":""},"wf_page_folders":[],"class_list":["post-3445","page","type-page","status-publish","hentry"],"yoast_head":"<!-- This site is optimized with the Yoast SEO plugin v27.4 - https:\/\/yoast.com\/product\/yoast-seo-wordpress\/ -->\n<title>Privacy Policy - Ziem Properties<\/title>\n<meta name=\"robots\" content=\"index, follow, max-snippet:-1, max-image-preview:large, max-video-preview:-1\" \/>\n<link rel=\"canonical\" href=\"https:\/\/ziem-properties.com\/de\/privacy-policy\/\" \/>\n<meta property=\"og:locale\" content=\"de_DE\" \/>\n<meta property=\"og:type\" content=\"article\" \/>\n<meta property=\"og:title\" content=\"Privacy Policy - Ziem Properties\" \/>\n<meta property=\"og:description\" content=\"Datenschutzerkl\u00e4rung In dieser Datenschutzerkl\u00e4rung informieren wir Sie \u00fcber die Verarbeitung personenbezogener Daten bei der Nutzung dieser Website. Verantwortlicher Verantwortlich f\u00fcr die Datenverarbeitung ist:Name, Adresse, Telefonnummer und E-Mail-Adresse des Websitebetreibers erg\u00e4nzen Datenschutzbeauftragter Die Angabe ist nur erforderlich, Pflicht zur Bestellung eines Datenschutzbeauftragten. Besteht keine Pflicht, kann dieser Abschnitt entfallen. Pflicht zu einem Datenschutzbeauftragten besteht in folgenden [&hellip;]\" \/>\n<meta property=\"og:url\" content=\"https:\/\/ziem-properties.com\/de\/privacy-policy\/\" \/>\n<meta property=\"og:site_name\" content=\"Ziem Properties\" \/>\n<meta property=\"article:modified_time\" content=\"2024-08-23T07:20:38+00:00\" \/>\n<meta name=\"twitter:card\" content=\"summary_large_image\" \/>\n<script type=\"application\/ld+json\" class=\"yoast-schema-graph\">{\"@context\":\"https:\\\/\\\/schema.org\",\"@graph\":[{\"@type\":\"WebPage\",\"@id\":\"https:\\\/\\\/ziem-properties.com\\\/privacy-policy\\\/\",\"url\":\"https:\\\/\\\/ziem-properties.com\\\/privacy-policy\\\/\",\"name\":\"Privacy Policy - Ziem Properties\",\"isPartOf\":{\"@id\":\"https:\\\/\\\/ziem-properties.com\\\/#website\"},\"datePublished\":\"2024-08-23T07:11:56+00:00\",\"dateModified\":\"2024-08-23T07:20:38+00:00\",\"breadcrumb\":{\"@id\":\"https:\\\/\\\/ziem-properties.com\\\/privacy-policy\\\/#breadcrumb\"},\"inLanguage\":\"de\",\"potentialAction\":[{\"@type\":\"ReadAction\",\"target\":[\"https:\\\/\\\/ziem-properties.com\\\/privacy-policy\\\/\"]}]},{\"@type\":\"BreadcrumbList\",\"@id\":\"https:\\\/\\\/ziem-properties.com\\\/privacy-policy\\\/#breadcrumb\",\"itemListElement\":[{\"@type\":\"ListItem\",\"position\":1,\"name\":\"Startseite\",\"item\":\"https:\\\/\\\/ziem-properties.com\\\/\"},{\"@type\":\"ListItem\",\"position\":2,\"name\":\"Privacy Policy\"}]},{\"@type\":\"WebSite\",\"@id\":\"https:\\\/\\\/ziem-properties.com\\\/#website\",\"url\":\"https:\\\/\\\/ziem-properties.com\\\/\",\"name\":\"Ziem Properties\",\"description\":\"\",\"publisher\":{\"@id\":\"https:\\\/\\\/ziem-properties.com\\\/#organization\"},\"potentialAction\":[{\"@type\":\"SearchAction\",\"target\":{\"@type\":\"EntryPoint\",\"urlTemplate\":\"https:\\\/\\\/ziem-properties.com\\\/?s={search_term_string}\"},\"query-input\":{\"@type\":\"PropertyValueSpecification\",\"valueRequired\":true,\"valueName\":\"search_term_string\"}}],\"inLanguage\":\"de\"},{\"@type\":\"Organization\",\"@id\":\"https:\\\/\\\/ziem-properties.com\\\/#organization\",\"name\":\"Ziem Properties\",\"url\":\"https:\\\/\\\/ziem-properties.com\\\/\",\"logo\":{\"@type\":\"ImageObject\",\"inLanguage\":\"de\",\"@id\":\"https:\\\/\\\/ziem-properties.com\\\/#\\\/schema\\\/logo\\\/image\\\/\",\"url\":\"https:\\\/\\\/ziem-properties.com\\\/wp-content\\\/uploads\\\/2024\\\/08\\\/Logo_Ziem_Properties.png\",\"contentUrl\":\"https:\\\/\\\/ziem-properties.com\\\/wp-content\\\/uploads\\\/2024\\\/08\\\/Logo_Ziem_Properties.png\",\"width\":1024,\"height\":1024,\"caption\":\"Ziem Properties\"},\"image\":{\"@id\":\"https:\\\/\\\/ziem-properties.com\\\/#\\\/schema\\\/logo\\\/image\\\/\"}}]}<\/script>\n<!-- \/ Yoast SEO plugin. -->","yoast_head_json":{"title":"Privacy Policy - Ziem Properties","robots":{"index":"index","follow":"follow","max-snippet":"max-snippet:-1","max-image-preview":"max-image-preview:large","max-video-preview":"max-video-preview:-1"},"canonical":"https:\/\/ziem-properties.com\/de\/privacy-policy\/","og_locale":"de_DE","og_type":"article","og_title":"Privacy Policy - Ziem Properties","og_description":"Datenschutzerkl\u00e4rung In dieser Datenschutzerkl\u00e4rung informieren wir Sie \u00fcber die Verarbeitung personenbezogener Daten bei der Nutzung dieser Website. Verantwortlicher Verantwortlich f\u00fcr die Datenverarbeitung ist:Name, Adresse, Telefonnummer und E-Mail-Adresse des Websitebetreibers erg\u00e4nzen Datenschutzbeauftragter Die Angabe ist nur erforderlich, Pflicht zur Bestellung eines Datenschutzbeauftragten. Besteht keine Pflicht, kann dieser Abschnitt entfallen. Pflicht zu einem Datenschutzbeauftragten besteht in folgenden [&hellip;]","og_url":"https:\/\/ziem-properties.com\/de\/privacy-policy\/","og_site_name":"Ziem Properties","article_modified_time":"2024-08-23T07:20:38+00:00","twitter_card":"summary_large_image","schema":{"@context":"https:\/\/schema.org","@graph":[{"@type":"WebPage","@id":"https:\/\/ziem-properties.com\/privacy-policy\/","url":"https:\/\/ziem-properties.com\/privacy-policy\/","name":"Privacy Policy - Ziem Properties","isPartOf":{"@id":"https:\/\/ziem-properties.com\/#website"},"datePublished":"2024-08-23T07:11:56+00:00","dateModified":"2024-08-23T07:20:38+00:00","breadcrumb":{"@id":"https:\/\/ziem-properties.com\/privacy-policy\/#breadcrumb"},"inLanguage":"de","potentialAction":[{"@type":"ReadAction","target":["https:\/\/ziem-properties.com\/privacy-policy\/"]}]},{"@type":"BreadcrumbList","@id":"https:\/\/ziem-properties.com\/privacy-policy\/#breadcrumb","itemListElement":[{"@type":"ListItem","position":1,"name":"Startseite","item":"https:\/\/ziem-properties.com\/"},{"@type":"ListItem","position":2,"name":"Privacy Policy"}]},{"@type":"WebSite","@id":"https:\/\/ziem-properties.com\/#website","url":"https:\/\/ziem-properties.com\/","name":"Ziem Properties","description":"","publisher":{"@id":"https:\/\/ziem-properties.com\/#organization"},"potentialAction":[{"@type":"SearchAction","target":{"@type":"EntryPoint","urlTemplate":"https:\/\/ziem-properties.com\/?s={search_term_string}"},"query-input":{"@type":"PropertyValueSpecification","valueRequired":true,"valueName":"search_term_string"}}],"inLanguage":"de"},{"@type":"Organization","@id":"https:\/\/ziem-properties.com\/#organization","name":"Ziem Properties","url":"https:\/\/ziem-properties.com\/","logo":{"@type":"ImageObject","inLanguage":"de","@id":"https:\/\/ziem-properties.com\/#\/schema\/logo\/image\/","url":"https:\/\/ziem-properties.com\/wp-content\/uploads\/2024\/08\/Logo_Ziem_Properties.png","contentUrl":"https:\/\/ziem-properties.com\/wp-content\/uploads\/2024\/08\/Logo_Ziem_Properties.png","width":1024,"height":1024,"caption":"Ziem Properties"},"image":{"@id":"https:\/\/ziem-properties.com\/#\/schema\/logo\/image\/"}}]}},"_links":{"self":[{"href":"https:\/\/ziem-properties.com\/de\/wp-json\/wp\/v2\/pages\/3445","targetHints":{"allow":["GET"]}}],"collection":[{"href":"https:\/\/ziem-properties.com\/de\/wp-json\/wp\/v2\/pages"}],"about":[{"href":"https:\/\/ziem-properties.com\/de\/wp-json\/wp\/v2\/types\/page"}],"author":[{"embeddable":true,"href":"https:\/\/ziem-properties.com\/de\/wp-json\/wp\/v2\/users\/1"}],"replies":[{"embeddable":true,"href":"https:\/\/ziem-properties.com\/de\/wp-json\/wp\/v2\/comments?post=3445"}],"version-history":[{"count":2,"href":"https:\/\/ziem-properties.com\/de\/wp-json\/wp\/v2\/pages\/3445\/revisions"}],"predecessor-version":[{"id":3464,"href":"https:\/\/ziem-properties.com\/de\/wp-json\/wp\/v2\/pages\/3445\/revisions\/3464"}],"wp:attachment":[{"href":"https:\/\/ziem-properties.com\/de\/wp-json\/wp\/v2\/media?parent=3445"}],"wp:term":[{"taxonomy":"wf_page_folders","embeddable":true,"href":"https:\/\/ziem-properties.com\/de\/wp-json\/wp\/v2\/wf_page_folders?post=3445"}],"curies":[{"name":"wp","href":"https:\/\/api.w.org\/{rel}","templated":true}]}}